{"id":12141,"date":"2023-12-31T23:43:39","date_gmt":"2023-12-31T22:43:39","guid":{"rendered":"https:\/\/avecmarie.de\/wp\/destination-alpes-francaises\/"},"modified":"2025-03-09T09:26:00","modified_gmt":"2025-03-09T08:26:00","slug":"destination-alpes-francaises","status":"publish","type":"page","link":"https:\/\/avecmarie.de\/wp\/fr\/destination-alpes-francaises\/","title":{"rendered":"Alpes fran\u00e7aises"},"content":{"rendered":"\n<div class=\"wp-block-cover has-parallax\" style=\"min-height:700px;aspect-ratio:unset;\"><span aria-hidden=\"true\" class=\"wp-block-cover__background has-background-dim-20 has-background-dim\"><\/span><div class=\"wp-block-cover__image-background wp-image-12461 has-parallax\" style=\"background-position:50% 50%;background-image:url(https:\/\/avecmarie.de\/wp\/wp-content\/uploads\/2024\/02\/02DF10C1-878B-4169-987A-21FE5890322A-1.jpeg)\"><\/div><div class=\"wp-block-cover__inner-container is-layout-flow wp-block-cover-is-layout-flow\">\n<h1 class=\"wp-block-heading has-text-align-center\" style=\"font-size:clamp(37.821px, 2.364rem + ((1vw - 3.2px) * 2.848), 70px);\">Alpes fran\u00e7aises<\/h1>\n\n\n\n<p class=\"has-text-align-center has-white-color has-text-color has-medium-font-size\" style=\"letter-spacing:1px\">une r\u00e9gion de superlatifs autour du plus haut sommet d&rsquo;Europe<\/p>\n\n\n\n<div style=\"height:71px\" aria-hidden=\"true\" class=\"wp-block-spacer\"><\/div>\n\n\n\n<div class=\"wp-block-buttons is-content-justification-center is-layout-flex wp-container-core-buttons-is-layout-a89b3969 wp-block-buttons-is-layout-flex\">\n<div class=\"wp-block-button is-style-outline is-style-outline--1\"><a class=\"wp-block-button__link has-white-color has-text-color wp-element-button\" href=\"#'Reiseziele-franz&#xF6;sische-Alpen\" style=\"border-radius:0px;padding-right:40px;padding-left:40px\">Destinations<\/a><\/div>\n\n\n\n<div class=\"wp-block-button is-style-outline is-style-outline--2\"><a class=\"wp-block-button__link has-white-color has-text-color wp-element-button\" href=\"#'Ferienunterk&#xFC;nfte-franz&#xF6;sische-Alpen\" style=\"border-radius:0px;padding-right:27px;padding-left:27px\">Passer la nuit<\/a><\/div>\n<\/div>\n<\/div><\/div>\n\n<div class=\"wp-block-group alignfull has-background has-global-padding is-layout-constrained wp-block-group-is-layout-constrained\" style=\"background-color:#ece0d7\">\n<div class=\"wp-block-columns is-layout-flex wp-container-core-columns-is-layout-28f84493 wp-block-columns-is-layout-flex\">\n<div class=\"wp-block-column is-layout-flow wp-block-column-is-layout-flow\">\n<div style=\"height:40px\" aria-hidden=\"true\" class=\"wp-block-spacer\"><\/div>\n\n\n\n<div class=\"wp-block-columns is-layout-flex wp-container-core-columns-is-layout-28f84493 wp-block-columns-is-layout-flex\">\n<div class=\"wp-block-column is-layout-flow wp-block-column-is-layout-flow\">\n<h2 class=\"wp-block-heading has-primary-color has-text-color\" style=\"font-size:clamp(26.944px, 1.684rem + ((1vw - 3.2px) * 1.686), 46px);\">En un coup d&rsquo;\u0153il <\/h2>\n<\/div>\n\n\n\n<div class=\"wp-block-column is-layout-flow wp-block-column-is-layout-flow\" style=\"padding-left:0;flex-basis:20%\">\n<figure class=\"wp-block-image alignright size-full is-resized\"><img decoding=\"async\" width=\"500\" height=\"500\" src=\"https:\/\/avecmarie.de\/wp\/wp-content\/uploads\/2023\/12\/logo-rosa.png\" alt=\"logo rose\" class=\"wp-image-6260\" style=\"width:139px;height:auto\" srcset=\"https:\/\/avecmarie.de\/wp\/wp-content\/uploads\/2023\/12\/logo-rosa.png 500w, https:\/\/avecmarie.de\/wp\/wp-content\/uploads\/2023\/12\/logo-rosa-300x300.png 300w, https:\/\/avecmarie.de\/wp\/wp-content\/uploads\/2023\/12\/logo-rosa-150x150.png 150w\" sizes=\"(max-width: 500px) 100vw, 500px\" \/><\/figure>\n<\/div>\n\n\n\n<div class=\"wp-block-column is-layout-flow wp-block-column-is-layout-flow\" style=\"padding-left:0\">\n<p class=\"has-primary-color has-text-color\">Quand je parle des Alpes fran\u00e7aises, je parle d&rsquo;abord de la <strong>Haute Savoie<\/strong> avec un paysage de superlatifs autour du plus haut sommet d&rsquo;Europe, le Mont Blanc.<\/p>\n<\/div>\n<\/div>\n\n\n\n<div style=\"height:50px\" aria-hidden=\"true\" class=\"wp-block-spacer\"><\/div>\n<\/div>\n<\/div>\n\n\n\n<div class=\"wp-block-columns is-layout-flex wp-container-core-columns-is-layout-28f84493 wp-block-columns-is-layout-flex\">\n<div class=\"wp-block-column is-layout-flow wp-block-column-is-layout-flow\" style=\"flex-basis:100%\">\n<div class=\"wp-block-group has-global-padding is-layout-constrained wp-block-group-is-layout-constrained\">\n<div class=\"wp-block-columns is-layout-flex wp-container-core-columns-is-layout-28f84493 wp-block-columns-is-layout-flex\">\n<div class=\"wp-block-column is-layout-flow wp-block-column-is-layout-flow\">\n<h2 class=\"wp-block-heading has-primary-color has-text-color has-medium-font-size\">Monnaie<\/h2>\n<\/div>\n<\/div>\n\n\n\n<div class=\"wp-block-columns is-layout-flex wp-container-core-columns-is-layout-28f84493 wp-block-columns-is-layout-flex\">\n<div class=\"wp-block-column is-layout-flow wp-block-column-is-layout-flow\">\n<p class=\"has-primary-color has-text-color\">Dans les Alpes fran\u00e7aises, tu paieras, comme partout en France, avec l&rsquo;euro. Il est pr\u00e9f\u00e9rable d&rsquo;avoir une carte de cr\u00e9dit sur soi. Par exemple, pour payer dans les stations-service sans personnel de service ou dans les magasins.<\/p>\n<\/div>\n<\/div>\n<\/div>\n<\/div>\n\n\n\n<div class=\"wp-block-column is-layout-flow wp-block-column-is-layout-flow\" style=\"flex-basis:100%\">\n<div class=\"wp-block-group has-global-padding is-layout-constrained wp-block-group-is-layout-constrained\">\n<div class=\"wp-block-columns is-layout-flex wp-container-core-columns-is-layout-28f84493 wp-block-columns-is-layout-flex\">\n<div class=\"wp-block-column is-layout-flow wp-block-column-is-layout-flow\">\n<h2 class=\"wp-block-heading has-primary-color has-text-color has-medium-font-size\">Langue<\/h2>\n<\/div>\n<\/div>\n\n\n\n<div class=\"wp-block-columns is-layout-flex wp-container-core-columns-is-layout-28f84493 wp-block-columns-is-layout-flex\">\n<div class=\"wp-block-column is-layout-flow wp-block-column-is-layout-flow\">\n<p class=\"has-primary-color has-text-color\">La langue typique du pays est bien s\u00fbr le fran\u00e7ais. Tu pourras aussi t&rsquo;en sortir avec l&rsquo;anglais, mais pas forc\u00e9ment partout. Apprendre quelques mots de vocabulaire fran\u00e7ais ne peut donc pas faire de mal.<\/p>\n<\/div>\n<\/div>\n<\/div>\n<\/div>\n\n\n\n<div class=\"wp-block-column is-layout-flow wp-block-column-is-layout-flow\" style=\"flex-basis:100%\">\n<div class=\"wp-block-group has-global-padding is-layout-constrained wp-block-group-is-layout-constrained\">\n<div class=\"wp-block-columns is-layout-flex wp-container-core-columns-is-layout-28f84493 wp-block-columns-is-layout-flex\">\n<div class=\"wp-block-column is-layout-flow wp-block-column-is-layout-flow\">\n<h2 class=\"wp-block-heading has-primary-color has-text-color has-medium-font-size\">Plan d&rsquo;acc\u00e8s<\/h2>\n<\/div>\n<\/div>\n\n\n\n<div class=\"wp-block-columns is-layout-flex wp-container-core-columns-is-layout-28f84493 wp-block-columns-is-layout-flex\">\n<div class=\"wp-block-column is-layout-flow wp-block-column-is-layout-flow\">\n<p class=\"has-primary-color has-text-color\">Si tu veux atteindre les Alpes fran\u00e7aises, tu arrives g\u00e9n\u00e9ralement par l&rsquo;A5 en provenance des r\u00e9gions occidentales de l&rsquo;Allemagne et tu traverses la fronti\u00e8re suisse \u00e0 B\u00e2le. Si tu viens de l&rsquo;est, tu peux aussi emprunter l&rsquo;itin\u00e9raire via Schaffhouse et Zurich.<\/p>\n<\/div>\n<\/div>\n<\/div>\n<\/div>\n\n\n\n<div class=\"wp-block-column is-layout-flow wp-block-column-is-layout-flow\" style=\"flex-basis:100%\">\n<div class=\"wp-block-group has-global-padding is-layout-constrained wp-block-group-is-layout-constrained\">\n<div class=\"wp-block-columns is-layout-flex wp-container-core-columns-is-layout-28f84493 wp-block-columns-is-layout-flex\">\n<div class=\"wp-block-column is-layout-flow wp-block-column-is-layout-flow\">\n<h2 class=\"wp-block-heading has-primary-color has-text-color has-medium-font-size\">D\u00e9partements<\/h2>\n<\/div>\n<\/div>\n\n\n\n<div class=\"wp-block-columns is-layout-flex wp-container-core-columns-is-layout-28f84493 wp-block-columns-is-layout-flex\">\n<div class=\"wp-block-column is-layout-flow wp-block-column-is-layout-flow\">\n<p>Le territoire des Alpes fran\u00e7aises s&rsquo;\u00e9tend du lac L\u00e9man au nord \u00e0 la mer M\u00e9diterran\u00e9e au sud. Elle comprend les d\u00e9partements du nord de l&rsquo;Is\u00e8re, de la Savoie et de la Haute-Savoie et les d\u00e9partements du sud des Alpes-de-Haute-Provence, des Alpes-Maritimes, de la Dr\u00f4me, des Hautes-Alpes.<br\/><\/p>\n<\/div>\n<\/div>\n<\/div>\n<\/div>\n<\/div>\n\n\n\n<div style=\"height:10px\" aria-hidden=\"true\" class=\"wp-block-spacer\"><\/div>\n\n\n\n<div class=\"wp-block-columns is-layout-flex wp-container-core-columns-is-layout-28f84493 wp-block-columns-is-layout-flex\">\n<div class=\"wp-block-column is-layout-flow wp-block-column-is-layout-flow\" style=\"flex-basis:100%\">\n<div class=\"wp-block-group has-global-padding is-layout-constrained wp-block-group-is-layout-constrained\">\n<div class=\"wp-block-columns is-layout-flex wp-container-core-columns-is-layout-28f84493 wp-block-columns-is-layout-flex\">\n<div class=\"wp-block-column is-layout-flow wp-block-column-is-layout-flow\">\n<h2 class=\"wp-block-heading has-primary-color has-text-color has-medium-font-size\">Montagnes<\/h2>\n<\/div>\n<\/div>\n\n\n\n<div class=\"wp-block-columns is-layout-flex wp-container-core-columns-is-layout-28f84493 wp-block-columns-is-layout-flex\">\n<div class=\"wp-block-column is-layout-flow wp-block-column-is-layout-flow\">\n<p class=\"has-primary-color has-text-color\">C&rsquo;est \u00e0 Chamonix que se trouve le plus haut sommet d&rsquo;Europe, le Mont Blanc. Un endroit vraiment imposant. Mais les montagnes des Alpes sont \u00e9galement magnifiques dans les villages environnants. Que ce soit en \u00e9t\u00e9 pour faire de la randonn\u00e9e ou en hiver pour faire du ski, du snowboard ou de la luge avec les enfants.<\/p>\n<\/div>\n<\/div>\n<\/div>\n<\/div>\n\n\n\n<div class=\"wp-block-column is-layout-flow wp-block-column-is-layout-flow\" style=\"flex-basis:100%\">\n<div class=\"wp-block-group has-global-padding is-layout-constrained wp-block-group-is-layout-constrained\">\n<h2 class=\"wp-block-heading has-primary-color has-text-color has-medium-font-size\">M\u00e9t\u00e9o<\/h2>\n<\/div>\n\n\n\n<p>En Haute Savoie, c&rsquo;est le climat oc\u00e9anique qui pr\u00e9domine. Les mois d&rsquo;\u00e9t\u00e9, juillet et ao\u00fbt, ont une temp\u00e9rature moyenne d&rsquo;environ 25 \u00b0C et sont parfaits pour la randonn\u00e9e, m\u00eame \u00e0 haute altitude. Pendant les mois d&rsquo;hiver, les pr\u00e9cipitations sont relativement importantes, ce qui est bien s\u00fbr id\u00e9al pour les sports d&rsquo;hiver.<\/p>\n<\/div>\n\n\n\n<div class=\"wp-block-column is-layout-flow wp-block-column-is-layout-flow\" style=\"flex-basis:100%\">\n<div class=\"wp-block-group has-global-padding is-layout-constrained wp-block-group-is-layout-constrained\">\n<div class=\"wp-block-columns is-layout-flex wp-container-core-columns-is-layout-28f84493 wp-block-columns-is-layout-flex\">\n<div class=\"wp-block-column is-layout-flow wp-block-column-is-layout-flow\">\n<h2 class=\"wp-block-heading has-primary-color has-text-color has-medium-font-size\">Manger &amp; boire<\/h2>\n<\/div>\n<\/div>\n\n\n\n<div class=\"wp-block-columns is-layout-flex wp-container-core-columns-is-layout-28f84493 wp-block-columns-is-layout-flex\">\n<div class=\"wp-block-column is-layout-flow wp-block-column-is-layout-flow\">\n<p class=\"has-primary-color has-text-color\">Dans le monde de la montagne, ce sont surtout de d\u00e9licieux plats \u00e0 base de fromage fran\u00e7ais qui t&rsquo;attendent, comme la raclette ou la fondue. La Savoie est \u00e9galement connue pour son plat de tartiflette au reblochon cors\u00e9 K\u00f6se, lardons et pommes de terre.<\/p>\n<\/div>\n<\/div>\n<\/div>\n<\/div>\n\n\n\n<div class=\"wp-block-column is-layout-flow wp-block-column-is-layout-flow\" style=\"flex-basis:100%\">\n<div class=\"wp-block-group has-global-padding is-layout-constrained wp-block-group-is-layout-constrained\">\n<div class=\"wp-block-columns is-layout-flex wp-container-core-columns-is-layout-28f84493 wp-block-columns-is-layout-flex\">\n<div class=\"wp-block-column is-layout-flow wp-block-column-is-layout-flow\">\n<div class=\"wp-block-columns is-layout-flex wp-container-core-columns-is-layout-28f84493 wp-block-columns-is-layout-flex\">\n<div class=\"wp-block-column is-layout-flow wp-block-column-is-layout-flow\">\n<h2 class=\"wp-block-heading has-primary-color has-text-color has-medium-font-size\">Fronti\u00e8res nationales<\/h2>\n<\/div>\n<\/div>\n\n\n\n<div class=\"wp-block-columns is-layout-flex wp-container-core-columns-is-layout-28f84493 wp-block-columns-is-layout-flex\">\n<div class=\"wp-block-column is-layout-flow wp-block-column-is-layout-flow\">\n<p class=\"has-primary-color has-text-color\">Au nord, la <strong>Haute Savoie<\/strong> est bord\u00e9e par le canton suisse de Gen\u00e8ve et le lac L\u00e9man.<br\/>A l&rsquo;est, la fronti\u00e8re terrestre est \u00e0 la fois celle du canton suisse du Valais et celle de la r\u00e9gion italienne du Val d&rsquo;Aoste.<\/p>\n<\/div>\n<\/div>\n<\/div>\n<\/div>\n<\/div>\n<\/div>\n<\/div>\n\n\n\n<div style=\"height:46px\" aria-hidden=\"true\" class=\"wp-block-spacer\"><\/div>\n<\/div>\n\n<div class=\"wp-block-group alignfull pattern_multiple_covers has-background is-layout-flow wp-block-group-is-layout-flow\" id=\"services\" style=\"background-color:#ece0d7\">\n<div style=\"height:20px;width:0px\" aria-hidden=\"true\" class=\"wp-block-spacer\"><\/div>\n\n\n\n<div class=\"wp-block-cover has-custom-content-position is-position-bottom-left\" id=\"'Reiseziele-franz\u00f6sische-Alpen\"><span aria-hidden=\"true\" class=\"wp-block-cover__background has-background-dim-30 has-background-dim\"><\/span><img decoding=\"async\" width=\"1920\" height=\"1440\" class=\"wp-block-cover__image-background wp-image-15474\" alt=\"Chamonix Aguille du midi\" src=\"https:\/\/avecmarie.de\/wp\/wp-content\/uploads\/2023\/04\/Chamonix-Aguille-du-midi.jpg\" data-object-fit=\"cover\" srcset=\"https:\/\/avecmarie.de\/wp\/wp-content\/uploads\/2023\/04\/Chamonix-Aguille-du-midi.jpg 1920w, https:\/\/avecmarie.de\/wp\/wp-content\/uploads\/2023\/04\/Chamonix-Aguille-du-midi-300x225.jpg 300w, https:\/\/avecmarie.de\/wp\/wp-content\/uploads\/2023\/04\/Chamonix-Aguille-du-midi-1024x768.jpg 1024w, https:\/\/avecmarie.de\/wp\/wp-content\/uploads\/2023\/04\/Chamonix-Aguille-du-midi-1536x1152.jpg 1536w\" sizes=\"(max-width: 1920px) 100vw, 1920px\" \/><div class=\"wp-block-cover__inner-container is-layout-flow wp-block-cover-is-layout-flow\">\n<div class=\"wp-block-uagb-marketing-button uagb-marketing-btn__align-full uagb-marketing-btn__align-text-center uagb-marketing-btn__icon-before uagb-block-b40d7800 wp-block-button\"><a href=\"https:\/\/avecmarie.de\/wp\/sommer-chamonix-mont-blanc\/\" class=\"uagb-marketing-btn__link wp-block-button__link\" target=\"\" rel=\"noopener noreferrer\"><h2 class=\"uagb-marketing-btn__title\">Mont Blanc &#8211; le plus haut sommet d&rsquo;Europe en \u00e9t\u00e9<\/h2><\/a><\/div>\n<\/div><\/div>\n\n\n\n<div style=\"height:29px;width:0px\" aria-hidden=\"true\" class=\"wp-block-spacer\"><\/div>\n\n\n\n<div class=\"wp-block-cover has-custom-content-position is-position-bottom-left\" id=\"'Ferienunterk\u00fcnfte-franz\u00f6sische-Alpen\"><span aria-hidden=\"true\" class=\"wp-block-cover__background has-background-dim-30 has-background-dim\"><\/span><img decoding=\"async\" class=\"wp-block-cover__image-background wp-image-15162\" alt=\"Servoz - Blick auf den Mont Blanc\" src=\"https:\/\/avecmarie.de\/wp\/wp-content\/uploads\/2024\/04\/Servoz-Blick-auf-den-Mont-Blanc-e1713684985701.jpeg\" data-object-fit=\"cover\"\/><div class=\"wp-block-cover__inner-container is-layout-flow wp-block-cover-is-layout-flow\">\n<div class=\"wp-block-uagb-marketing-button uagb-marketing-btn__align-full uagb-marketing-btn__align-text-center uagb-marketing-btn__icon-before uagb-block-2016428d wp-block-button\"><a href=\"https:\/\/avecmarie.de\/wp\/familienurlaub-in-chamonix-mit-kindern\/\" class=\"uagb-marketing-btn__link wp-block-button__link\" target=\"\" rel=\"noopener noreferrer\"><h2 class=\"uagb-marketing-btn__title\">Chamonix avec des enfants &#8211; des vacances en famille superbes<\/h2><\/a><\/div>\n<\/div><\/div>\n\n\n\n<div style=\"height:29px;width:0px\" aria-hidden=\"true\" class=\"wp-block-spacer\"><\/div>\n\n\n\n<div class=\"wp-block-cover has-custom-content-position is-position-bottom-left\" id=\"'Ferienunterk\u00fcnfte-franz\u00f6sische-Alpen\"><span aria-hidden=\"true\" class=\"wp-block-cover__background has-background-dim-30 has-background-dim\"><\/span><img decoding=\"async\" width=\"1920\" height=\"1285\" class=\"wp-block-cover__image-background wp-image-12466\" alt=\"Hoch oben auf der Bergstation der Aiguille du Midi\" src=\"https:\/\/avecmarie.de\/wp\/wp-content\/uploads\/2024\/02\/4935BCEA-71E5-497F-B6DF-CE8D62E89646.jpeg\" style=\"object-position:60% 26%\" data-object-fit=\"cover\" data-object-position=\"60% 26%\" srcset=\"https:\/\/avecmarie.de\/wp\/wp-content\/uploads\/2024\/02\/4935BCEA-71E5-497F-B6DF-CE8D62E89646.jpeg 1920w, https:\/\/avecmarie.de\/wp\/wp-content\/uploads\/2024\/02\/4935BCEA-71E5-497F-B6DF-CE8D62E89646-300x201.jpeg 300w, https:\/\/avecmarie.de\/wp\/wp-content\/uploads\/2024\/02\/4935BCEA-71E5-497F-B6DF-CE8D62E89646-1024x685.jpeg 1024w, https:\/\/avecmarie.de\/wp\/wp-content\/uploads\/2024\/02\/4935BCEA-71E5-497F-B6DF-CE8D62E89646-1536x1028.jpeg 1536w\" sizes=\"(max-width: 1920px) 100vw, 1920px\" \/><div class=\"wp-block-cover__inner-container is-layout-flow wp-block-cover-is-layout-flow\">\n<div class=\"wp-block-uagb-marketing-button uagb-marketing-btn__align-full uagb-marketing-btn__align-text-center uagb-marketing-btn__icon-before uagb-block-d9b7d1a3 wp-block-button\"><a href=\"https:\/\/avecmarie.de\/wp\/hotels-und-ferienwohnungen-chamonix-mont-blanc\/\" class=\"uagb-marketing-btn__link wp-block-button__link\" target=\"\" rel=\"noopener noreferrer\"><h2 class=\"uagb-marketing-btn__title\">H\u00f4tels et appartement \u00e0 Chamonix au Mont Blanc<\/h2><\/a><\/div>\n<\/div><\/div>\n\n\n\n<div style=\"height:29px;width:0px\" aria-hidden=\"true\" class=\"wp-block-spacer\"><\/div>\n<\/div>\n\n<p><\/p>\n","protected":false},"excerpt":{"rendered":"<p>En un coup d&rsquo;\u0153il Quand je parle des Alpes fran\u00e7aises, je parle d&rsquo;abord de la Haute Savoie avec un paysage de superlatifs autour du plus haut sommet d&rsquo;Europe, le Mont Blanc. Monnaie Dans les Alpes fran\u00e7aises, tu paieras, comme partout en France, avec l&rsquo;euro. Il est pr\u00e9f\u00e9rable d&rsquo;avoir une carte de cr\u00e9dit sur soi. Par &hellip; <\/p>\n<p class=\"link-more\"><a href=\"https:\/\/avecmarie.de\/wp\/fr\/destination-alpes-francaises\/\" class=\"more-link\">Lire la suite de<span class=\"screen-reader-text\">\u00ab\u00a0Alpes fran\u00e7aises\u00a0\u00bb<\/span><\/a><\/p>\n","protected":false},"author":2,"featured_media":12462,"parent":0,"menu_order":0,"comment_status":"closed","ping_status":"closed","template":"page-templates\/full-width-transparent.php","meta":{"_uag_custom_page_level_css":"","_lmt_disableupdate":"","_lmt_disable":"","footnotes":""},"class_list":["post-12141","page","type-page","status-publish","has-post-thumbnail","hentry"],"uagb_featured_image_src":{"full":["https:\/\/avecmarie.de\/wp\/wp-content\/uploads\/2024\/02\/02DF10C1-878B-4169-987A-21FE5890322A-1.jpeg",1920,1285,false],"thumbnail":["https:\/\/avecmarie.de\/wp\/wp-content\/uploads\/2024\/02\/02DF10C1-878B-4169-987A-21FE5890322A-1-150x150.jpeg",150,150,true],"medium":["https:\/\/avecmarie.de\/wp\/wp-content\/uploads\/2024\/02\/02DF10C1-878B-4169-987A-21FE5890322A-1-300x201.jpeg",300,201,true],"medium_large":["https:\/\/avecmarie.de\/wp\/wp-content\/uploads\/2024\/02\/02DF10C1-878B-4169-987A-21FE5890322A-1.jpeg",768,514,false],"large":["https:\/\/avecmarie.de\/wp\/wp-content\/uploads\/2024\/02\/02DF10C1-878B-4169-987A-21FE5890322A-1-1024x685.jpeg",950,635,true],"1536x1536":["https:\/\/avecmarie.de\/wp\/wp-content\/uploads\/2024\/02\/02DF10C1-878B-4169-987A-21FE5890322A-1-1536x1028.jpeg",1536,1028,true],"2048x2048":["https:\/\/avecmarie.de\/wp\/wp-content\/uploads\/2024\/02\/02DF10C1-878B-4169-987A-21FE5890322A-1.jpeg",1920,1285,false],"inspiro-featured-image":["https:\/\/avecmarie.de\/wp\/wp-content\/uploads\/2024\/02\/02DF10C1-878B-4169-987A-21FE5890322A-1.jpeg",1920,1285,false],"inspiro-loop":["https:\/\/avecmarie.de\/wp\/wp-content\/uploads\/2024\/02\/02DF10C1-878B-4169-987A-21FE5890322A-1-950x320.jpeg",950,320,true],"inspiro-loop@2x":["https:\/\/avecmarie.de\/wp\/wp-content\/uploads\/2024\/02\/02DF10C1-878B-4169-987A-21FE5890322A-1-1900x640.jpeg",1900,640,true]},"uagb_author_info":{"display_name":"\u2800Kathrin","author_link":"https:\/\/avecmarie.de\/wp\/fr\/author\/\u2800Kathrin\/"},"uagb_comment_info":0,"uagb_excerpt":"En un coup d&rsquo;\u0153il Quand je parle des Alpes fran\u00e7aises, je parle d&rsquo;abord de la Haute Savoie avec un paysage de superlatifs autour du plus haut sommet d&rsquo;Europe, le Mont Blanc. Monnaie Dans les Alpes fran\u00e7aises, tu paieras, comme partout en France, avec l&rsquo;euro. Il est pr\u00e9f\u00e9rable d&rsquo;avoir une carte de cr\u00e9dit sur soi. Par\u2026","_links":{"self":[{"href":"https:\/\/avecmarie.de\/wp\/fr\/wp-json\/wp\/v2\/pages\/12141","targetHints":{"allow":["GET"]}}],"collection":[{"href":"https:\/\/avecmarie.de\/wp\/fr\/wp-json\/wp\/v2\/pages"}],"about":[{"href":"https:\/\/avecmarie.de\/wp\/fr\/wp-json\/wp\/v2\/types\/page"}],"author":[{"embeddable":true,"href":"https:\/\/avecmarie.de\/wp\/fr\/wp-json\/wp\/v2\/users\/2"}],"replies":[{"embeddable":true,"href":"https:\/\/avecmarie.de\/wp\/fr\/wp-json\/wp\/v2\/comments?post=12141"}],"version-history":[{"count":10,"href":"https:\/\/avecmarie.de\/wp\/fr\/wp-json\/wp\/v2\/pages\/12141\/revisions"}],"predecessor-version":[{"id":22087,"href":"https:\/\/avecmarie.de\/wp\/fr\/wp-json\/wp\/v2\/pages\/12141\/revisions\/22087"}],"wp:featuredmedia":[{"embeddable":true,"href":"https:\/\/avecmarie.de\/wp\/fr\/wp-json\/wp\/v2\/media\/12462"}],"wp:attachment":[{"href":"https:\/\/avecmarie.de\/wp\/fr\/wp-json\/wp\/v2\/media?parent=12141"}],"curies":[{"name":"wp","href":"https:\/\/api.w.org\/{rel}","templated":true}]}}